{"id":4449,"date":"2022-11-07T12:38:27","date_gmt":"2022-11-07T17:38:27","guid":{"rendered":"https:\/\/demo.qantumthemes.xyz\/onair2\/demo3\/home-02\/"},"modified":"2026-01-19T09:52:18","modified_gmt":"2026-01-19T08:52:18","slug":"home-02","status":"publish","type":"page","link":"https:\/\/www.maxlaradio.com\/maxmc\/","title":{"rendered":"Page d&rsquo;accueil ok"},"content":{"rendered":"<p>&nbsp;<\/p>\n<p><img fetchpriority=\"high\" decoding=\"async\" class=\" wp-image-4946 aligncenter\" src=\"https:\/\/www.maxlaradio.com\/maxmc\/wp-content\/uploads\/2025\/12\/maxlaradio-300x125.png\" alt=\"\" width=\"776\" height=\"323\" srcset=\"https:\/\/www.maxlaradio.com\/maxmc\/wp-content\/uploads\/2025\/12\/maxlaradio-300x125.png 300w, https:\/\/www.maxlaradio.com\/maxmc\/wp-content\/uploads\/2025\/12\/maxlaradio-1024x427.png 1024w, https:\/\/www.maxlaradio.com\/maxmc\/wp-content\/uploads\/2025\/12\/maxlaradio-768x320.png 768w, https:\/\/www.maxlaradio.com\/maxmc\/wp-content\/uploads\/2025\/12\/maxlaradio.png 1140w\" sizes=\"(max-width: 776px) 100vw, 776px\" \/><\/p>\n<p style=\"text-align: left;\">Soyez les bienvenus sur le site de MaxLaRadio, la radio des s\u00e9niors fond\u00e9e par <em><strong>Max Lafontaine <\/strong><\/em>(ex Radio Andorre, RMC, TMC, TF1, Radio France C\u00f4te d&rsquo;Azur Nice, Radio France Provence Marseille, RBS Menton, RTL, Nostalgie, Europe 1, Radio \u00c9motion, RDL, <span class=\"corps-pages\">Radio Vall\u00e9e<\/span>, Radio N\u00eemes).<\/p>\n<p style=\"text-align: left;\">R\u00e9galez-vous les oreilles et souvenez-vous\u2026<\/p>\n<p>&nbsp;<\/p>\n<p><img decoding=\"async\" class=\"wp-image-4943 aligncenter\" src=\"https:\/\/www.maxlaradio.com\/maxmc\/wp-content\/uploads\/2023\/12\/max5-300x200.jpg\" alt=\"\" width=\"438\" height=\"292\" srcset=\"https:\/\/www.maxlaradio.com\/maxmc\/wp-content\/uploads\/2023\/12\/max5-300x200.jpg 300w, https:\/\/www.maxlaradio.com\/maxmc\/wp-content\/uploads\/2023\/12\/max5-768x512.jpg 768w, https:\/\/www.maxlaradio.com\/maxmc\/wp-content\/uploads\/2023\/12\/max5.jpg 779w\" sizes=\"(max-width: 438px) 100vw, 438px\" \/><img decoding=\"async\" class=\"size-medium wp-image-4941 aligncenter\" src=\"https:\/\/www.maxlaradio.com\/maxmc\/wp-content\/uploads\/2023\/12\/max3-300x292.png\" alt=\"\" width=\"300\" height=\"292\" srcset=\"https:\/\/www.maxlaradio.com\/maxmc\/wp-content\/uploads\/2023\/12\/max3-300x292.png 300w, https:\/\/www.maxlaradio.com\/maxmc\/wp-content\/uploads\/2023\/12\/max3.png 565w\" sizes=\"(max-width: 300px) 100vw, 300px\" \/><img loading=\"lazy\" decoding=\"async\" class=\"wp-image-4942 aligncenter\" src=\"https:\/\/www.maxlaradio.com\/maxmc\/wp-content\/uploads\/2023\/12\/max4-300x225.jpg\" alt=\"\" width=\"388\" height=\"291\" srcset=\"https:\/\/www.maxlaradio.com\/maxmc\/wp-content\/uploads\/2023\/12\/max4-300x225.jpg 300w, https:\/\/www.maxlaradio.com\/maxmc\/wp-content\/uploads\/2023\/12\/max4.jpg 638w\" sizes=\"(max-width: 388px) 100vw, 388px\" \/><img loading=\"lazy\" decoding=\"async\" class=\"wp-image-4940 aligncenter\" src=\"https:\/\/www.maxlaradio.com\/maxmc\/wp-content\/uploads\/2023\/12\/max1-201x300.jpg\" alt=\"\" width=\"194\" height=\"289\" srcset=\"https:\/\/www.maxlaradio.com\/maxmc\/wp-content\/uploads\/2023\/12\/max1-201x300.jpg 201w, https:\/\/www.maxlaradio.com\/maxmc\/wp-content\/uploads\/2023\/12\/max1.jpg 250w\" sizes=\"(max-width: 194px) 100vw, 194px\" \/><\/p>\n<p>&nbsp;<\/p>\n<p>&nbsp;<\/p>\n<p style=\"text-align: center;\"><strong>\u00a0<\/strong><\/p>\n","protected":false},"excerpt":{"rendered":"<p>&nbsp; Soyez les bienvenus sur le site de MaxLaRadio, la radio des s\u00e9niors fond\u00e9e par Max Lafontaine (ex Radio Andorre, RMC, TMC, TF1, Radio France C\u00f4te d&rsquo;Azur Nice, Radio France Provence Marseille, RBS Menton, RTL, Nostalgie, Europe 1, Radio \u00c9motion, RDL, Radio Vall\u00e9e, Radio N\u00eemes). R\u00e9galez-vous les oreilles et souvenez-vous\u2026 &nbsp; &nbsp; &nbsp; \u00a0<\/p>\n","protected":false},"author":1,"featured_media":0,"parent":0,"menu_order":0,"comment_status":"closed","ping_status":"closed","template":"","meta":{"footnotes":""},"class_list":["post-4449","page","type-page","status-publish","hentry"],"_links":{"self":[{"href":"https:\/\/www.maxlaradio.com\/maxmc\/index.php?rest_route=\/wp\/v2\/pages\/4449","targetHints":{"allow":["GET"]}}],"collection":[{"href":"https:\/\/www.maxlaradio.com\/maxmc\/index.php?rest_route=\/wp\/v2\/pages"}],"about":[{"href":"https:\/\/www.maxlaradio.com\/maxmc\/index.php?rest_route=\/wp\/v2\/types\/page"}],"author":[{"embeddable":true,"href":"https:\/\/www.maxlaradio.com\/maxmc\/index.php?rest_route=\/wp\/v2\/users\/1"}],"replies":[{"embeddable":true,"href":"https:\/\/www.maxlaradio.com\/maxmc\/index.php?rest_route=%2Fwp%2Fv2%2Fcomments&post=4449"}],"version-history":[{"count":20,"href":"https:\/\/www.maxlaradio.com\/maxmc\/index.php?rest_route=\/wp\/v2\/pages\/4449\/revisions"}],"predecessor-version":[{"id":4949,"href":"https:\/\/www.maxlaradio.com\/maxmc\/index.php?rest_route=\/wp\/v2\/pages\/4449\/revisions\/4949"}],"wp:attachment":[{"href":"https:\/\/www.maxlaradio.com\/maxmc\/index.php?rest_route=%2Fwp%2Fv2%2Fmedia&parent=4449"}],"curies":[{"name":"wp","href":"https:\/\/api.w.org\/{rel}","templated":true}]}}