{"id":4860,"date":"2023-12-11T18:07:24","date_gmt":"2023-12-11T17:07:24","guid":{"rendered":"https:\/\/www.maxlaradio.com\/maxmc\/?page_id=4860"},"modified":"2023-12-11T18:08:32","modified_gmt":"2023-12-11T17:08:32","slug":"mentions-legales","status":"publish","type":"page","link":"https:\/\/www.maxlaradio.com\/maxmc\/?page_id=4860","title":{"rendered":"Mentions l\u00e9gales"},"content":{"rendered":"\r\n<p><em><strong>\u2022 PROPRI\u00c9T\u00c9 EXCLUSIVE DU SITE<\/strong><\/em><\/p>\r\n<p>Directeur de la publication : Max Lafontaine<\/p>\r\n<p>Mail : contact@maxlaradio.com<\/p>\r\n<p><em><strong>\u2022 CONCEPTION DU SITE<\/strong><\/em><\/p>\r\n<p>MaxLaRadio<\/p>\r\n<p><em><strong>\u2022 H\u00c9BERGEMENT DU SITE <\/strong><\/em><\/p>\r\n<p><em><strong><a href=\"http:\/\/www.votreradiosurlenet.com\" target=\"_blank\" rel=\"noreferrer noopener\" aria-label=\" (opens in a new tab)\">Votreradiosurlenet.com<\/a><\/strong><\/em><\/p>\r\n<p><em><strong>\u2022 MARQUES, LOGOS ET PROPRI\u00c9T\u00c9 INTELLECTUELLE<\/strong><\/em><\/p>\r\n<p>Toute reproduction, m\u00eame partielle, ou une distribution non autoris\u00e9e de tout ou une partie des \u00e9l\u00e9ments et des informations de ce site est strictement interdite. Le contenu est disponible pour un usage priv\u00e9 et non collectif. Le code de la propri\u00e9t\u00e9 intellectuelle n&rsquo;autorisant, aux termes de l&rsquo;article L. 122-5.2\u00b0 et 3\u00b0a, d&rsquo;une part, que les \u00ab\u00a0copies ou reproductions strictement r\u00e9serv\u00e9es \u00e0 l&rsquo;usage priv\u00e9 du copiste et non destin\u00e9es \u00e0 une utilisation collective\u00a0\u00bb et, d&rsquo;autre part, que les analyses et les courtes citations dans un but d&rsquo;exemple et d&rsquo;illustration, \u00ab\u00a0toute repr\u00e9sentation ou reproduction int\u00e9grale ou partielle faite sans le consentement de l&rsquo;auteur ou de ses ayants droit ou ayants cause est illicite\u00a0\u00bb (art. L. 122-4). Cette repr\u00e9sentation ou reproduction, par quelque proc\u00e9d\u00e9 que ce soit constituerait donc une contrefa\u00e7on sanctionn\u00e9e par les articles L. 335-2 et suivants du code de la propri\u00e9t\u00e9 intellectuelle.<\/p>\r\n<p><em><strong>\u2022 BASES DE DONN\u00c9ES<\/strong><\/em> Conform\u00e9ment aux dispositions de la loi n\u00b0 98-536 du 1er juillet 1998 portant transposition dans le code de la propri\u00e9t\u00e9 intellectuelle de la directive 96\/9 CE du 11 mars 1996 concernant la protection juridique des bases de donn\u00e9es, <strong>MaxLaRadio<\/strong> est producteur et propri\u00e9taire de tout ou partie des bases de donn\u00e9es composant le pr\u00e9sent site. En acc\u00e9dant au pr\u00e9sent site, vous reconnaissez que les donn\u00e9es le composant sont l\u00e9galement prot\u00e9g\u00e9es, et, conform\u00e9ment aux dispositions de la loi du 01\/07\/98 pr\u00e9cit\u00e9e, il vous est interdit notamment d&rsquo;extraire, r\u00e9utiliser, stocker, reproduire, repr\u00e9senter ou conserver, directement ou indirectement, sur un support quelconque, par tout moyen et sous toute forme que ce soit, tout ou partie qualitativement ou quantitativement substantielle, du contenu des bases de donn\u00e9es figurant au site auquel vous acc\u00e9dez ainsi que d&rsquo;en faire l&rsquo;extraction ou la r\u00e9utilisation r\u00e9p\u00e9t\u00e9e et syst\u00e9matique de partie qualitativement et quantitativement non substantielles lorsque ces op\u00e9rations exc\u00e8dent manifestement les conditions d&rsquo;utilisation normale.<\/p>\r\n\r\n\r\n\r\n<p><em><strong>\u2022 CONFIDENTIALIT\u00c9 ET \u00c9THIQUE<\/strong><\/em><\/p>\r\n<p><strong>MaxLaRadio <\/strong>respecte la vie priv\u00e9e des personnes qui visitent son site web et s&rsquo;attache \u00e0 fournir un environnement dans lequel les informations concernant ses visiteurs sont prot\u00e9g\u00e9es.<\/p>\r\n<p><em><strong>\u2022 LIENS HYPERTEXTES<\/strong><\/em><\/p>\r\n<p>Tous liens hypertextes visant ce site sont soumis \u00e0 autorisation pr\u00e9alable.<\/p>\r\n<p><em><strong>\u2022 INFORMATION ET CONTENU<\/strong><\/em><\/p>\r\n<p>Malgr\u00e9 le soin et le s\u00e9rieux apport\u00e9 par nos \u00e9quipes pour le traitement des informations, <strong>MaxLaRadio <\/strong>d\u00e9cline toute responsabilit\u00e9 concernant les erreurs ou omissions portant sur les informations diffus\u00e9es sur ce site. <strong>MaxLaRadio<\/strong> ne peut \u00eatre tenu responsable de l&rsquo;interpr\u00e9tation des informations contenues dans ce site, ni des cons\u00e9quences de leur utilisation.<\/p>\r\n","protected":false},"excerpt":{"rendered":"<p>\u2022 PROPRI\u00c9T\u00c9 EXCLUSIVE DU SITE Directeur de la publication : Max Lafontaine Mail : contact@maxlaradio.com \u2022 CONCEPTION DU SITE MaxLaRadio \u2022 H\u00c9BERGEMENT DU SITE Votreradiosurlenet.com \u2022 MARQUES, LOGOS ET PROPRI\u00c9T\u00c9 INTELLECTUELLE Toute reproduction, m\u00eame partielle, ou une distribution non autoris\u00e9e de tout ou une partie des \u00e9l\u00e9ments et des informations de ce site est strictement [&hellip;]<\/p>\n","protected":false},"author":1,"featured_media":0,"parent":0,"menu_order":0,"comment_status":"closed","ping_status":"closed","template":"","meta":{"footnotes":""},"class_list":["post-4860","page","type-page","status-publish","hentry"],"_links":{"self":[{"href":"https:\/\/www.maxlaradio.com\/maxmc\/index.php?rest_route=\/wp\/v2\/pages\/4860","targetHints":{"allow":["GET"]}}],"collection":[{"href":"https:\/\/www.maxlaradio.com\/maxmc\/index.php?rest_route=\/wp\/v2\/pages"}],"about":[{"href":"https:\/\/www.maxlaradio.com\/maxmc\/index.php?rest_route=\/wp\/v2\/types\/page"}],"author":[{"embeddable":true,"href":"https:\/\/www.maxlaradio.com\/maxmc\/index.php?rest_route=\/wp\/v2\/users\/1"}],"replies":[{"embeddable":true,"href":"https:\/\/www.maxlaradio.com\/maxmc\/index.php?rest_route=%2Fwp%2Fv2%2Fcomments&post=4860"}],"version-history":[{"count":2,"href":"https:\/\/www.maxlaradio.com\/maxmc\/index.php?rest_route=\/wp\/v2\/pages\/4860\/revisions"}],"predecessor-version":[{"id":4863,"href":"https:\/\/www.maxlaradio.com\/maxmc\/index.php?rest_route=\/wp\/v2\/pages\/4860\/revisions\/4863"}],"wp:attachment":[{"href":"https:\/\/www.maxlaradio.com\/maxmc\/index.php?rest_route=%2Fwp%2Fv2%2Fmedia&parent=4860"}],"curies":[{"name":"wp","href":"https:\/\/api.w.org\/{rel}","templated":true}]}}