{"id":4872,"date":"2023-12-11T22:34:25","date_gmt":"2023-12-11T21:34:25","guid":{"rendered":"https:\/\/www.maxlaradio.com\/maxmc\/?page_id=4872"},"modified":"2023-12-11T22:36:46","modified_gmt":"2023-12-11T21:36:46","slug":"politique-de-confidentialite-rgpd","status":"publish","type":"page","link":"https:\/\/www.maxlaradio.com\/maxmc\/?page_id=4872","title":{"rendered":"Politique de confidentialit\u00e9 (RGPD)"},"content":{"rendered":"\r\n<p><strong>INTRODUCTION<\/strong><\/p>\r\n\r\n\r\n\r\n<p>Dans le cadre de son activit\u00e9, MaxLaRadio traite des informations vous concernant. En naviguant sur notre site Internet ou via nos applications mobiles, en remplissant un formulaire (jeu ou de contact), en cliquant sur un lien publicitaire qui s&rsquo;affiche, vous nous transmettez des informations dont certaines sont de nature \u00e0 vous identifier (ce sont des donn\u00e9es personnelles).<\/p>\r\n\r\n\r\n\r\n<p>Ce texte de Politique de confidentialit\u00e9 vous informe de la mani\u00e8re dont nous recueillons et traitons vos donn\u00e9es personnelles.<\/p>\r\n\r\n\r\n\r\n<p>Pour toute question, contactez-nous via notre\u00a0<a href=\"https:\/\/www.maxlaradio.com\/maxmc\/?page_id=4633\">formulaire<\/a>.<\/p>\r\n\r\n\r\n\r\n<p><strong>RESPONSABILIT\u00c9 DES DONN\u00c9ES COLLECT\u00c9ES<\/strong><\/p>\r\n\r\n\r\n\r\n<p>Le responsable des traitements est Max Lafontaine<\/p>\r\n\r\n\r\n\r\n<p><strong>QUELLES SONT LES DONN\u00c9ES COLLECT\u00c9ES ET COMMENT SONT-ELLES COLLECT\u00c9ES ?<\/strong><\/p>\r\n\r\n\r\n\r\n<p>Elles sont collect\u00e9es lors de l\u2019inscription \u00e0 un jeu-concours ou \u00e0 notre newsletter avec le remplissage des formulaires en ligne (adresse mail, nom, pr\u00e9nom, date de naissance, adresse&#8230;).<\/p>\r\n\r\n\r\n\r\n<p>Lors de chacune de vos visites sur notre site Internet et nos applications, nous recueillons des informations relatives \u00e0 votre connexion et \u00e0 votre navigation. Diff\u00e9rentes technologies peuvent \u00eatre mises en \u0153uvre pour recueillir ces donn\u00e9es. La principale est le cookie.<\/p>\r\n\r\n\r\n\r\n<p><strong>D\u00e9finition et information du cookie<\/strong><\/p>\r\n\r\n\r\n\r\n<p>Un cookie est un fichier texte d\u00e9pos\u00e9 lors de la consultation d\u2019un site, d\u2019une application ou d\u2019une publicit\u00e9 en ligne et stock\u00e9 dans un espace sp\u00e9cifique du disque dur de votre ordinateur ou de votre appareil mobile. Les cookies sont g\u00e9r\u00e9s par votre navigateur Internet et seul l\u2019\u00e9metteur d\u2019un cookie peut d\u00e9cider de la lecture ou de la modification des informations qui y sont contenues.<\/p>\r\n\r\n\r\n\r\n<p>Un cookie a une dur\u00e9e de validit\u00e9 limit\u00e9e. Son d\u00e9p\u00f4t et son stockage sur votre terminal (ordinateur, tablette ou mobile) se font dans le respect de la l\u00e9gislation applicable et sous r\u00e9serve des choix que vous avez exprim\u00e9s et que vous pouvez modifier \u00e0 tout moment.<\/p>\r\n\r\n\r\n\r\n<p>Un cookie ne vous identifie pas personnellement. Il permet \u00e0 son \u00e9metteur de reconna\u00eetre votre terminal et de collecter un certain nombre d\u2019informations relatives \u00e0 la navigation effectu\u00e9e depuis ce terminal.<\/p>\r\n\r\n\r\n\r\n<p>Les cookies ont plusieurs fonctions, telles que vous permettre de naviguer efficacement sur un site ou une application, se souvenir de vos choix, des biens et services que vous souhaitez acheter, vous proposer des contenus publicitaires pertinents en fonction de vos centres d\u2019int\u00e9r\u00eats exprim\u00e9s lors de votre navigation. Vous trouverez de plus amples informations sur les cookies sur les sites suivants\u00a0:<\/p>\r\n\r\n\r\n\r\n<p><a href=\"https:\/\/www.cnil.fr\/fr\/site-web-cookies-et-autres-traceurs\">Aller sur le site CNIL<\/a><\/p>\r\n<p><a href=\"http:\/\/www.allaboutcookies.org\/fr\">Aller sur le site ALL ABOUT COOKIES<\/a><\/p>\r\n<p><a href=\"http:\/\/www.aboutcookies.org\">Aller sur le site ABOUT COOKIES<\/a><\/p>\r\n<p><a href=\"http:\/\/www.youronlinechoices.eu\/fr\">Aller sur le site YOUR ONLINE CHOICES<\/a><\/p>\r\n\r\n\r\n\r\n<p>Les cookies que nous collectons nous donnent acc\u00e8s notamment aux informations suivantes :<\/p>\r\n\r\n\r\n\r\n<ul class=\"wp-block-list\">\r\n<li>Identifiants de l\u2019\u00e9quipement que vous utilisez (adresse IP de votre ordinateur, identifiant Android, identifiant Apple, etc.),<\/li>\r\n<li>Type de syst\u00e8me d\u2019exploitation utilis\u00e9 par votre terminal (Microsoft Windows, Apple Os, Linux, Unix, BeOS, etc.),<\/li>\r\n<li>Type et version du logiciel de navigation utilis\u00e9 par votre terminal (Microsoft Internet Explorer, Apple Safari, Mozilla Firefox, Google Chrome, etc.),<\/li>\r\n<li>Dates et heures de connexion \u00e0 nos services,<\/li>\r\n<li>Adresse de la page Internet de provenance (\u00ab\u00a0referrer\u00bb),<\/li>\r\n<li>Donn\u00e9es de navigation sur nos services, contenus visionn\u00e9s.<\/li>\r\n<\/ul>\r\n\r\n\r\n\r\n<p><strong>Donn\u00e9es recueillies par des technologies standard d\u2019Internet<\/strong><\/p>\r\n\r\n\r\n\r\n<p>Nous sommes \u00e9galement susceptibles d\u2019utiliser des technologies standard d\u2019Internet, tels que des scripts, des pixels et des redirections. Les scripts (parfois appel\u00e9s tags), \u00e9crits en langage javascript, sont des programmes qui s\u2019ex\u00e9cutent dans votre navigateur et effectuent diff\u00e9rentes actions, par exemple envoyer une information \u00e0 nos serveurs. Les scripts sont \u00e9galement capables de cr\u00e9er des pixels. Les pixels (parfois appel\u00e9es GIFs transparents, GIFs clairs ou Web-bugs) sont des lignes de code qui permettent d\u2019afficher une image graphique (g\u00e9n\u00e9ralement invisible) sur une page Web ou dans un e-mail. Les redirections permettent de rendre une page Web disponible sous plusieurs adresses de page (URL). Lorsqu\u2019un navigateur ouvre une URL de redirection, une page avec une URL diff\u00e9rente est ouverte.<\/p>\r\n\r\n\r\n\r\n<p>Le but de ces technologies est d\u2019am\u00e9liorer votre exp\u00e9rience sur nos sites et applications, y compris pour vous fournir un contenu personnalis\u00e9 selon vos centres d\u2019int\u00e9r\u00eats. Par exemple, lorsqu\u2019un utilisateur clique sur un bouton de partage d\u2019un article, un script cr\u00e9e un pixel qui permet de comptabiliser le partage. Ainsi, nous sommes en mesure de conna\u00eetre le nombre de partages total d\u2019un article, et nous pouvons \u00e9tablir le classement des articles les plus partag\u00e9s.<\/p>\r\n\r\n\r\n\r\n<p>Ces technologies nous donnent acc\u00e8s notamment aux informations suivantes\u00a0:<\/p>\r\n\r\n\r\n\r\n<ul class=\"wp-block-list\">\r\n<li>Informations relatives \u00e0 votre utilisation de nos sites et applications\u00a0;<\/li>\r\n<li>Informations relatives \u00e0 la pr\u00e9sence de cookies sur votre terminal, sur l\u2019heure et la date de consultation d\u2019une page, et une description de la page o\u00f9 la balise Web est mise\u00a0;<\/li>\r\n<li>Informations sur la lecture ou non des e-mails que nous vous adressons, sur les clics que vous faites sur les liens contenus dans ces e-mails.<\/li>\r\n<\/ul>\r\n\r\n\r\n\r\n<p>Nos sites et applications peuvent \u00e9galement inclure des scripts, des pixels et des redirections de tiers. Ces technologies permettent aux fournisseurs de services tiers de collecter certaines informations telles que votre type de navigateur, et la page Web qui vous a redirig\u00e9 sur nos sites Internet. Ces fournisseurs de services tiers traitent les informations qu\u2019ils collectent dans un but d\u2019audit, de recherche, et pour d\u00e9clarer l\u2019information sur nos sites et applications et sur les publicit\u00e9s regard\u00e9es sur ceux-ci. Nous ne partageons pas vos donn\u00e9es d\u2019identification avec ces tiers dans le cadre de leur usage de ces technologies.<\/p>\r\n\r\n\r\n\r\n<p><strong>Donn\u00e9es fournies par les appareils mobiles<\/strong><\/p>\r\n\r\n\r\n\r\n<p>Certains appareils mobiles, en fonction des fonctionnalit\u00e9s que vous avez activ\u00e9es (par exemple\u00a0: \u00ab\u00a0Push\u00a0\u00bb ou \u00ab\u00a0G\u00e9olocalisation\u00a0\u00bb) lors du t\u00e9l\u00e9chargement d\u2019une de nos applications, envoient des informations, notamment\u00a0: mod\u00e8le de votre t\u00e9l\u00e9phone, version de son syst\u00e8me d\u2019exploitation, type de connectivit\u00e9, nom et version de l\u2019application utilis\u00e9e.<\/p>\r\n\r\n\r\n\r\n<p>Ces donn\u00e9es, n\u00e9cessaires au bon fonctionnement des applications mobiles que nous \u00e9ditons, sont trait\u00e9es automatiquement par nos serveurs et nos r\u00e9gies publicitaires (<em>TagerSpot et Google\u00a0AdSense<\/em>) pour pouvoir vous fournir un service et des publicit\u00e9s adapt\u00e9s aux caract\u00e9ristiques techniques de votre appareil et mesurer l\u2019audience de notre application.<\/p>\r\n\r\n\r\n\r\n<p>Par ailleurs, si vous avez accept\u00e9 cette fonctionnalit\u00e9 lors du t\u00e9l\u00e9chargement de nos applications, nous sommes en mesure d\u2019identifier l\u2019emplacement physique de votre appareil (g\u00e9olocalisation), notamment pour vous informer sur des contenus ou des offres que nous pensons en ad\u00e9quation avec vos attentes ou vos centres d\u2019int\u00e9r\u00eat ou pour am\u00e9liorer votre exp\u00e9rience sur nos applications mobiles. Conform\u00e9ment \u00e0 la loi applicable, les fonctions de g\u00e9olocalisation peuvent \u00eatre d\u00e9sactiv\u00e9es \u00e0 tout moment dans les param\u00e8tres syst\u00e8me de votre appareil.<\/p>\r\n\r\n\r\n\r\n<p><strong>L\u2019utilisation de nos formulaires en ligne par un mineur doit obtenir le consentement de son responsable l\u00e9gal pr\u00e9alablement \u00e0 la communication de donn\u00e9es personnelles le concernant.<\/strong><\/p>\r\n\r\n\r\n\r\n<p>Nous ne collectons aucune donn\u00e9e sensible vous concernant. Sont consid\u00e9r\u00e9es comme des donn\u00e9es sensibles\u00a0: l\u2019origine raciale ou ethnique, les opinions politiques et\/ou syndicales, les croyances religieuses ou philosophiques et les donn\u00e9es relatives \u00e0 la sant\u00e9 ou l\u2019orientation sexuelle.<\/p>\r\n\r\n\r\n\r\n<p><strong>POURQUOI VOS DONN\u00c9ES SONT-ELLES COLLECT\u00c9ES ?<\/strong><\/p>\r\n\r\n\r\n\r\n<p>&#8211; Fonctionnement et optimisation de notre site Internet et de nos applications mobiles.<\/p>\r\n\r\n\r\n\r\n<p>&#8211; Gestion de jeux-concours.<\/p>\r\n\r\n\r\n\r\n<p>&#8211; Gestion de newsletters.<\/p>\r\n\r\n\r\n\r\n<p>&#8211; Gestion et personnalisation de la publicit\u00e9 affich\u00e9e.<\/p>\r\n\r\n\r\n\r\n<p>&#8211; Mesure de fr\u00e9quentation et de localisation d&rsquo;audience.<\/p>\r\n\r\n\r\n\r\n<p><strong>DUR\u00c9E DE VOS DONN\u00c9ES COLLECT\u00c9ES\u00a0<\/strong><\/p>\r\n\r\n\r\n\r\n<p>Vos donn\u00e9es personnelles sont conserv\u00e9es pendant une dur\u00e9e de 12 mois (un an) pour les cookies et de 36 mois (3 ans) pour les inscriptions aux jeux-concours et aux newsletters.<\/p>\r\n\r\n\r\n\r\n<p><strong>QUI A ACC\u00c8S \u00c0 VOS DONN\u00c9ES ?<\/strong><\/p>\r\n\r\n\r\n\r\n<p>&#8211; MaxLaRadio et nos r\u00e9gies publicitaires (pas les donn\u00e9es fournies via nos formulaires).<\/p>\r\n\r\n\r\n\r\n<p>&#8211;\u00a0Les autorit\u00e9s de police, les autorit\u00e9s judiciaires\u00a0ou administratives sur demandes ou r\u00e9quisitions.<\/p>\r\n\r\n\r\n\r\n<p>Nous ne revendons pas nos fichiers \u00e0 des tiers.<\/p>\r\n\r\n\r\n\r\n<p><strong>STOCKAGE DE VOS DONN\u00c9ES PERSONNELLES<\/strong><\/p>\r\n\r\n\r\n\r\n<p>Vos donn\u00e9es personnelles sont gard\u00e9es sur un site fran\u00e7ais, dans l\u2019Union europ\u00e9enne. Dans tous les cas, nous nous assurons de ce que le traitement soit effectu\u00e9 conform\u00e9ment \u00e0 la pr\u00e9sente politique de confidentialit\u00e9 et qu\u2019il soit encadr\u00e9 par les clauses contractuelles types de la Commission europ\u00e9enne qui permettent de garantir un niveau de protection suffisant de la vie priv\u00e9e et des droits fondamentaux des personnes.<\/p>\r\n\r\n\r\n\r\n<p><strong>PROTECTIONS DE VOS DONN\u00c9ES PERSONNELLES<\/strong><\/p>\r\n\r\n\r\n\r\n<p>Nous\u00a0mettons en \u0153uvre des mesures techniques de s\u00e9curit\u00e9 et organisationnelles appropri\u00e9es conform\u00e9ment aux dispositions l\u00e9gales applicables, pour prot\u00e9ger vos donn\u00e9es personnelles contre l\u2019alt\u00e9ration, la perte accidentelle ou illicite, l\u2019utilisation, la divulgation ou l\u2019acc\u00e8s non autoris\u00e9.<\/p>\r\n\r\n\r\n\r\n<p><strong>VOS DROITS EN MATI\u00c8RE DE DONN\u00c9ES PERSONNELLES<\/strong><\/p>\r\n\r\n\r\n\r\n<p>Vous pouvez demander \u00e0 exercer votre droit \u00e0 la portabilit\u00e9 de vos donn\u00e9es, c\u2019est-\u00e0-dire le droit de recevoir les donn\u00e9es personnelles que vous nous avez fournies dans un format structur\u00e9, couramment utilis\u00e9 et le droit de transmettre ces donn\u00e9es \u00e0 un autre responsable de traitements.<\/p>\r\n\r\n\r\n\r\n<p>Vous pouvez enfin formuler des directives relatives \u00e0 la conservation, \u00e0 l\u2019effacement et \u00e0 la communication de vos donn\u00e9es \u00e0 caract\u00e8re personnel apr\u00e8s votre d\u00e9c\u00e8s. Merci d&rsquo;utiliser le formulaire disponible en fin de cette pr\u00e9sente page.<\/p>\r\n\r\n\r\n\r\n<p>Nous respectons les r\u00e8gles de l\u2019article L.34-5 du Code des postes et des communications \u00e9lectroniques qui pr\u00e9voit le recueil pr\u00e9alable et expr\u00e8s de votre consentement pour l\u2019envoi de prospection commerciale par voie \u00e9lectronique (e-mail, push notifications ou SMS).<\/p>\r\n\r\n\r\n\r\n<p>Vous pouvez param\u00e9trer votre logiciel de navigation soit de mani\u00e8re \u00e0 ce que l\u2019acceptation ou le refus des cookies vous soient propos\u00e9s ponctuellement, avant qu\u2019un cookie soit susceptible d\u2019\u00eatre enregistr\u00e9, soit \u00e0 accepter ou refuser syst\u00e9matiquement l\u2019enregistrement de cookies dans votre terminal.<\/p>\r\n\r\n\r\n\r\n<p>Nous vous alertons sur le fait que tout param\u00e9trage sur votre logiciel de navigation concernant le refus des cookies techniques et de fonctionnalit\u00e9s sera susceptible d\u2019alt\u00e9rer votre confort de navigation sur nos sites Internet, voire d\u2019emp\u00eacher l\u2019utilisation de certains de nos services n\u00e9cessitant l\u2019utilisation de ces m\u00eames cookies.<\/p>\r\n\r\n\r\n\r\n<p>Le cas \u00e9ch\u00e9ant, nous d\u00e9clinons toute responsabilit\u00e9 pour les cons\u00e9quences li\u00e9es au fonctionnement d\u00e9grad\u00e9 de nos sites Internet et de nos services r\u00e9sultant de l\u2019impossibilit\u00e9 pour nous d\u2019enregistrer ou de consulter les cookies n\u00e9cessaires \u00e0 leur fonctionnement et que vous auriez refus\u00e9s ou supprim\u00e9s.<\/p>\r\n\r\n\r\n\r\n<p>Pour la gestion des cookies et de vos choix, la configuration de chaque navigateur est diff\u00e9rente. Elle est d\u00e9crite dans le menu d\u2019aide de votre navigateur, qui vous permettra de savoir de quelle mani\u00e8re modifier vos souhaits en mati\u00e8re de cookies.<\/p>\r\n\r\n\r\n\r\n<p>Microsoft Internet Explorer<\/p>\r\n\r\n\r\n\r\n<p><a href=\"http:\/\/windows.microsoft.com\/fr-FR\/windows-vista\/Block-or-allow-cookies\" target=\"_blank\" rel=\"noreferrer noopener\" aria-label=\" (s\u2019ouvre dans un nouvel onglet)\">Aller sur l&rsquo;aide Microsoft Internet Explorer<\/a><\/p>\r\n\r\n\r\n\r\n<p>Microsoft Edge<\/p>\r\n\r\n\r\n\r\n<p><a href=\"https:\/\/privacy.microsoft.com\/fr-fr\/windows-10-microsoft-edge-and-privacy\" target=\"_blank\" rel=\"noreferrer noopener\" aria-label=\" (s\u2019ouvre dans un nouvel onglet)\">Aller sur l&rsquo;aide Microsoft Edge<\/a><\/p>\r\n\r\n\r\n\r\n<p>Apple Safari<\/p>\r\n\r\n\r\n\r\n<p><a href=\"http:\/\/docs.info.apple.com\/article.html?path=Safari\/3.0\/fr\/9277.html\" target=\"_blank\" rel=\"noreferrer noopener\" aria-label=\" (s\u2019ouvre dans un nouvel onglet)\">Aller sur l&rsquo;aide Apple safari<\/a><\/p>\r\n\r\n\r\n\r\n<p>Google Chrome<\/p>\r\n\r\n\r\n\r\n<p><a href=\"http:\/\/support.google.com\/chrome\/bin\/answer.py?hl=fr&amp;hlrm=en&amp;answer=95647\" target=\"_blank\" rel=\"noreferrer noopener\" aria-label=\" (s\u2019ouvre dans un nouvel onglet)\">Aller sur l&rsquo;aide Google Chrome <\/a><\/p>\r\n\r\n\r\n\r\n<p>Mozilla Firefox<\/p>\r\n\r\n\r\n\r\n<p><a href=\"http:\/\/support.mozilla.org\/fr\/kb\/Activer%20et%20d%C3%A9sactiver%20les%20cookies\" target=\"_blank\" rel=\"noreferrer noopener\" aria-label=\" (s\u2019ouvre dans un nouvel onglet)\">Aller sur l&rsquo;aide Mozilla Firefox<\/a><\/p>\r\n\r\n\r\n\r\n<p>Opera<\/p>\r\n\r\n\r\n\r\n<p><a href=\"https:\/\/help.opera.com\/en\/latest\/security-and-privacy\/\" target=\"_blank\" rel=\"noreferrer noopener\" aria-label=\" (s\u2019ouvre dans un nouvel onglet)\">Aller sur l&rsquo;aide Opera<\/a><\/p>\r\n\r\n\r\n\r\n<p><strong>Cookies Flash de Adobe Flash Player<\/strong><\/p>\r\n\r\n\r\n\r\n<p>Adobe Flash Player est une application informatique qui permet le d\u00e9veloppement rapide des contenus dynamiques utilisant le langage informatique Flash. Flash (et les applications de m\u00eame type) m\u00e9morise les param\u00e8tres, les pr\u00e9f\u00e9rences et l\u2019utilisation de ces contenus gr\u00e2ce \u00e0 une technologie similaire aux cookies. Toutefois, Adobe Flash Player g\u00e8re ces informations et vos choix par une interface diff\u00e9rente de celle fournie par votre logiciel de navigation. Dans la mesure o\u00f9 votre terminal serait susceptible de visualiser des contenus d\u00e9velopp\u00e9s avec le langage Flash, nous vous invitons \u00e0 acc\u00e9der \u00e0 vos outils de gestion des cookies Flash, directement depuis le site <a href=\"http:\/\/www.adobe.com\/fr\" target=\"_blank\" rel=\"noreferrer noopener\" aria-label=\" (s\u2019ouvre dans un nouvel onglet)\">Adobe<\/a>.<\/p>\r\n\r\n\r\n\r\n<p><strong>\u00ab\u00a0Do not track\u00bb<\/strong><\/p>\r\n\r\n\r\n\r\n<p>Vous pouvez \u00e9galement param\u00e9trer votre navigateur afin que celui-ci envoie un code indiquant aux sites Web que vous ne souhaitez pas \u00eatre suivi (option \u00ab Do not track \u00bb).<\/p>\r\n\r\n\r\n\r\n<p>Microsoft Internet Explorer<\/p>\r\n\r\n\r\n\r\n<p><a href=\"http:\/\/windows.microsoft.com\/fr-fr\/internet-explorer\/use-tracking-protection#ie=ie-11\" target=\"_blank\" rel=\"noreferrer noopener\" aria-label=\" (s\u2019ouvre dans un nouvel onglet)\">Aller sur l&rsquo;aide Microsoft Internet Explorer<\/a><\/p>\r\n\r\n\r\n\r\n<p>Microsoft Edge<\/p>\r\n\r\n\r\n\r\n<p><a href=\"https:\/\/privacy.microsoft.com\/fr-fr\/windows-10-microsoft-edge-and-privacy\" target=\"_blank\" rel=\"noreferrer noopener\" aria-label=\" (s\u2019ouvre dans un nouvel onglet)\">Aller sur l&rsquo;aide Microsoft Edge<\/a><\/p>\r\n\r\n\r\n\r\n<p>Apple Safari<\/p>\r\n\r\n\r\n\r\n<p><a href=\"http:\/\/support.apple.com\/kb\/PH11952\" target=\"_blank\" rel=\"noreferrer noopener\" aria-label=\" (s\u2019ouvre dans un nouvel onglet)\">Aller sur l&rsquo;aide Apple Safari<\/a><\/p>\r\n\r\n\r\n\r\n<p>Google Chrome<\/p>\r\n\r\n\r\n\r\n<p><a href=\"https:\/\/support.google.com\/chrome\/answer\/114836\" target=\"_blank\" rel=\"noreferrer noopener\" aria-label=\" (s\u2019ouvre dans un nouvel onglet)\">Aller sur l&rsquo;aide Google Chrome<\/a><\/p>\r\n\r\n\r\n\r\n<p>Mozilla Firefox<\/p>\r\n\r\n\r\n\r\n<p><a href=\"https:\/\/support.mozilla.org\/fr\/kb\/comment-activer-option-ne-pas-pister\" target=\"_blank\" rel=\"noreferrer noopener\" aria-label=\" (s\u2019ouvre dans un nouvel onglet)\">Aller sur l&rsquo;aide Mozilla<\/a><\/p>\r\n\r\n\r\n\r\n<p>Opera<\/p>\r\n\r\n\r\n\r\n<p><a href=\"http:\/\/help.opera.com\/Windows\/12.10\/fr\/notrack.html\" target=\"_blank\" rel=\"noreferrer noopener\" aria-label=\" (s\u2019ouvre dans un nouvel onglet)\">Aller sur l&rsquo;aide Opera<\/a><\/p>\r\n\r\n\r\n<hr class=\"wp-block-separator\" \/>\r\n\r\n\r\n<p class=\"has-text-align-left\">Si vous voulez supprimer vos informations personnelles sur ce site, cliquez <a href=\"https:\/\/radiojunior.com\/nous-contacter\/\">ici<\/a><\/p>\r\n","protected":false},"excerpt":{"rendered":"<p>INTRODUCTION Dans le cadre de son activit\u00e9, MaxLaRadio traite des informations vous concernant. En naviguant sur notre site Internet ou via nos applications mobiles, en remplissant un formulaire (jeu ou de contact), en cliquant sur un lien publicitaire qui s&rsquo;affiche, vous nous transmettez des informations dont certaines sont de nature \u00e0 vous identifier (ce sont [&hellip;]<\/p>\n","protected":false},"author":1,"featured_media":0,"parent":0,"menu_order":0,"comment_status":"closed","ping_status":"closed","template":"","meta":{"footnotes":""},"class_list":["post-4872","page","type-page","status-publish","hentry"],"_links":{"self":[{"href":"https:\/\/www.maxlaradio.com\/maxmc\/index.php?rest_route=\/wp\/v2\/pages\/4872","targetHints":{"allow":["GET"]}}],"collection":[{"href":"https:\/\/www.maxlaradio.com\/maxmc\/index.php?rest_route=\/wp\/v2\/pages"}],"about":[{"href":"https:\/\/www.maxlaradio.com\/maxmc\/index.php?rest_route=\/wp\/v2\/types\/page"}],"author":[{"embeddable":true,"href":"https:\/\/www.maxlaradio.com\/maxmc\/index.php?rest_route=\/wp\/v2\/users\/1"}],"replies":[{"embeddable":true,"href":"https:\/\/www.maxlaradio.com\/maxmc\/index.php?rest_route=%2Fwp%2Fv2%2Fcomments&post=4872"}],"version-history":[{"count":2,"href":"https:\/\/www.maxlaradio.com\/maxmc\/index.php?rest_route=\/wp\/v2\/pages\/4872\/revisions"}],"predecessor-version":[{"id":4876,"href":"https:\/\/www.maxlaradio.com\/maxmc\/index.php?rest_route=\/wp\/v2\/pages\/4872\/revisions\/4876"}],"wp:attachment":[{"href":"https:\/\/www.maxlaradio.com\/maxmc\/index.php?rest_route=%2Fwp%2Fv2%2Fmedia&parent=4872"}],"curies":[{"name":"wp","href":"https:\/\/api.w.org\/{rel}","templated":true}]}}